{"id":3265,"date":"2026-03-15T16:23:02","date_gmt":"2026-03-15T15:23:02","guid":{"rendered":"https:\/\/qr-menu.dk\/crazy-sushi\/?post_type=product&#038;p=3265"},"modified":"2026-03-15T16:23:08","modified_gmt":"2026-03-15T15:23:08","slug":"44-laks-med-foraarsloeg-8-stk","status":"publish","type":"product","link":"https:\/\/qr-menu.dk\/crazy-sushi\/retter\/44-laks-med-foraarsloeg-8-stk\/","title":{"rendered":"44. Laks med  for\u00e5rsl\u00f8g (8 stk.)"},"content":{"rendered":"","protected":false},"excerpt":{"rendered":"<p>Hosomaki laks og for\u00e5rsl\u00f8g<\/p>\n","protected":false},"featured_media":3290,"template":"","meta":[],"product_brand":[],"product_cat":[61],"product_tag":[],"class_list":{"0":"post-3265","1":"product","2":"type-product","3":"status-publish","4":"has-post-thumbnail","6":"product_cat-hosomaki","8":"first","9":"instock","10":"shipping-taxable","11":"purchasable","12":"product-type-simple"},"yoast_head":"<!-- This site is optimized with the Yoast SEO plugin v27.2 - https:\/\/yoast.com\/product\/yoast-seo-wordpress\/ -->\n<title>44. Laks med for\u00e5rsl\u00f8g (8 stk.) - Crazy Sushi | N\u00e6stved<\/title>\n<meta name=\"robots\" content=\"noindex, follow, max-snippet:-1, max-image-preview:large, max-video-preview:-1\" \/>\n<meta property=\"og:locale\" content=\"da_DK\" \/>\n<meta property=\"og:type\" content=\"article\" \/>\n<meta property=\"og:title\" content=\"44. Laks med for\u00e5rsl\u00f8g (8 stk.) - Crazy Sushi | N\u00e6stved\" \/>\n<meta property=\"og:description\" content=\"Hosomaki laks og for\u00e5rsl\u00f8g\" \/>\n<meta property=\"og:url\" content=\"https:\/\/qr-menu.dk\/crazy-sushi\/retter\/44-laks-med-foraarsloeg-8-stk\/\" \/>\n<meta property=\"og:site_name\" content=\"Crazy Sushi | N\u00e6stved\" \/>\n<meta property=\"article:modified_time\" content=\"2026-03-15T15:23:08+00:00\" \/>\n<meta name=\"twitter:card\" content=\"summary_large_image\" \/>\n<script type=\"application\/ld+json\" class=\"yoast-schema-graph\">{\"@context\":\"https:\/\/schema.org\",\"@graph\":[{\"@type\":\"WebPage\",\"@id\":\"https:\/\/qr-menu.dk\/crazy-sushi\/retter\/44-laks-med-foraarsloeg-8-stk\/\",\"url\":\"https:\/\/qr-menu.dk\/crazy-sushi\/retter\/44-laks-med-foraarsloeg-8-stk\/\",\"name\":\"44. Laks med for\u00e5rsl\u00f8g (8 stk.) - Crazy Sushi | N\u00e6stved\",\"isPartOf\":{\"@id\":\"https:\/\/qr-menu.dk\/crazy-sushi\/#website\"},\"primaryImageOfPage\":{\"@id\":\"https:\/\/qr-menu.dk\/crazy-sushi\/retter\/44-laks-med-foraarsloeg-8-stk\/#primaryimage\"},\"image\":{\"@id\":\"https:\/\/qr-menu.dk\/crazy-sushi\/retter\/44-laks-med-foraarsloeg-8-stk\/#primaryimage\"},\"thumbnailUrl\":\"https:\/\/qr-menu.dk\/crazy-sushi\/wp-content\/uploads\/sites\/19\/44.jpg\",\"datePublished\":\"2026-03-15T15:23:02+00:00\",\"dateModified\":\"2026-03-15T15:23:08+00:00\",\"breadcrumb\":{\"@id\":\"https:\/\/qr-menu.dk\/crazy-sushi\/retter\/44-laks-med-foraarsloeg-8-stk\/#breadcrumb\"},\"inLanguage\":\"da-DK\",\"potentialAction\":[{\"@type\":\"ReadAction\",\"target\":[\"https:\/\/qr-menu.dk\/crazy-sushi\/retter\/44-laks-med-foraarsloeg-8-stk\/\"]}]},{\"@type\":\"ImageObject\",\"inLanguage\":\"da-DK\",\"@id\":\"https:\/\/qr-menu.dk\/crazy-sushi\/retter\/44-laks-med-foraarsloeg-8-stk\/#primaryimage\",\"url\":\"https:\/\/qr-menu.dk\/crazy-sushi\/wp-content\/uploads\/sites\/19\/44.jpg\",\"contentUrl\":\"https:\/\/qr-menu.dk\/crazy-sushi\/wp-content\/uploads\/sites\/19\/44.jpg\",\"width\":240,\"height\":240},{\"@type\":\"BreadcrumbList\",\"@id\":\"https:\/\/qr-menu.dk\/crazy-sushi\/retter\/44-laks-med-foraarsloeg-8-stk\/#breadcrumb\",\"itemListElement\":[{\"@type\":\"ListItem\",\"position\":1,\"name\":\"Hjem\",\"item\":\"https:\/\/qr-menu.dk\/crazy-sushi\/\"},{\"@type\":\"ListItem\",\"position\":2,\"name\":\"Varer\",\"item\":\"https:\/\/qr-menu.dk\/crazy-sushi\/shop\/\"},{\"@type\":\"ListItem\",\"position\":3,\"name\":\"44. Laks med for\u00e5rsl\u00f8g (8 stk.)\"}]},{\"@type\":\"WebSite\",\"@id\":\"https:\/\/qr-menu.dk\/crazy-sushi\/#website\",\"url\":\"https:\/\/qr-menu.dk\/crazy-sushi\/\",\"name\":\"Crazy Sushi | N\u00e6stved\",\"description\":\"En uforglemmelig smagsoplevelse\",\"publisher\":{\"@id\":\"https:\/\/qr-menu.dk\/crazy-sushi\/#organization\"},\"potentialAction\":[{\"@type\":\"SearchAction\",\"target\":{\"@type\":\"EntryPoint\",\"urlTemplate\":\"https:\/\/qr-menu.dk\/crazy-sushi\/?s={search_term_string}\"},\"query-input\":{\"@type\":\"PropertyValueSpecification\",\"valueRequired\":true,\"valueName\":\"search_term_string\"}}],\"inLanguage\":\"da-DK\"},{\"@type\":\"Organization\",\"@id\":\"https:\/\/qr-menu.dk\/crazy-sushi\/#organization\",\"name\":\"Crazy Sushi | N\u00e6stved\",\"url\":\"https:\/\/qr-menu.dk\/crazy-sushi\/\",\"logo\":{\"@type\":\"ImageObject\",\"inLanguage\":\"da-DK\",\"@id\":\"https:\/\/qr-menu.dk\/crazy-sushi\/#\/schema\/logo\/image\/\",\"url\":\"https:\/\/qr-menu.dk\/crazy-sushi\/wp-content\/uploads\/sites\/19\/crazy-sushi-logo.webp\",\"contentUrl\":\"https:\/\/qr-menu.dk\/crazy-sushi\/wp-content\/uploads\/sites\/19\/crazy-sushi-logo.webp\",\"width\":720,\"height\":415,\"caption\":\"Crazy Sushi | N\u00e6stved\"},\"image\":{\"@id\":\"https:\/\/qr-menu.dk\/crazy-sushi\/#\/schema\/logo\/image\/\"}}]}<\/script>\n<!-- \/ Yoast SEO plugin. -->","yoast_head_json":{"title":"44. Laks med for\u00e5rsl\u00f8g (8 stk.) - Crazy Sushi | N\u00e6stved","robots":{"index":"noindex","follow":"follow","max-snippet":"max-snippet:-1","max-image-preview":"max-image-preview:large","max-video-preview":"max-video-preview:-1"},"og_locale":"da_DK","og_type":"article","og_title":"44. Laks med for\u00e5rsl\u00f8g (8 stk.) - Crazy Sushi | N\u00e6stved","og_description":"Hosomaki laks og for\u00e5rsl\u00f8g","og_url":"https:\/\/qr-menu.dk\/crazy-sushi\/retter\/44-laks-med-foraarsloeg-8-stk\/","og_site_name":"Crazy Sushi | N\u00e6stved","article_modified_time":"2026-03-15T15:23:08+00:00","twitter_card":"summary_large_image","schema":{"@context":"https:\/\/schema.org","@graph":[{"@type":"WebPage","@id":"https:\/\/qr-menu.dk\/crazy-sushi\/retter\/44-laks-med-foraarsloeg-8-stk\/","url":"https:\/\/qr-menu.dk\/crazy-sushi\/retter\/44-laks-med-foraarsloeg-8-stk\/","name":"44. Laks med for\u00e5rsl\u00f8g (8 stk.) - Crazy Sushi | N\u00e6stved","isPartOf":{"@id":"https:\/\/qr-menu.dk\/crazy-sushi\/#website"},"primaryImageOfPage":{"@id":"https:\/\/qr-menu.dk\/crazy-sushi\/retter\/44-laks-med-foraarsloeg-8-stk\/#primaryimage"},"image":{"@id":"https:\/\/qr-menu.dk\/crazy-sushi\/retter\/44-laks-med-foraarsloeg-8-stk\/#primaryimage"},"thumbnailUrl":"https:\/\/qr-menu.dk\/crazy-sushi\/wp-content\/uploads\/sites\/19\/44.jpg","datePublished":"2026-03-15T15:23:02+00:00","dateModified":"2026-03-15T15:23:08+00:00","breadcrumb":{"@id":"https:\/\/qr-menu.dk\/crazy-sushi\/retter\/44-laks-med-foraarsloeg-8-stk\/#breadcrumb"},"inLanguage":"da-DK","potentialAction":[{"@type":"ReadAction","target":["https:\/\/qr-menu.dk\/crazy-sushi\/retter\/44-laks-med-foraarsloeg-8-stk\/"]}]},{"@type":"ImageObject","inLanguage":"da-DK","@id":"https:\/\/qr-menu.dk\/crazy-sushi\/retter\/44-laks-med-foraarsloeg-8-stk\/#primaryimage","url":"https:\/\/qr-menu.dk\/crazy-sushi\/wp-content\/uploads\/sites\/19\/44.jpg","contentUrl":"https:\/\/qr-menu.dk\/crazy-sushi\/wp-content\/uploads\/sites\/19\/44.jpg","width":240,"height":240},{"@type":"BreadcrumbList","@id":"https:\/\/qr-menu.dk\/crazy-sushi\/retter\/44-laks-med-foraarsloeg-8-stk\/#breadcrumb","itemListElement":[{"@type":"ListItem","position":1,"name":"Hjem","item":"https:\/\/qr-menu.dk\/crazy-sushi\/"},{"@type":"ListItem","position":2,"name":"Varer","item":"https:\/\/qr-menu.dk\/crazy-sushi\/shop\/"},{"@type":"ListItem","position":3,"name":"44. Laks med for\u00e5rsl\u00f8g (8 stk.)"}]},{"@type":"WebSite","@id":"https:\/\/qr-menu.dk\/crazy-sushi\/#website","url":"https:\/\/qr-menu.dk\/crazy-sushi\/","name":"Crazy Sushi | N\u00e6stved","description":"En uforglemmelig smagsoplevelse","publisher":{"@id":"https:\/\/qr-menu.dk\/crazy-sushi\/#organization"},"potentialAction":[{"@type":"SearchAction","target":{"@type":"EntryPoint","urlTemplate":"https:\/\/qr-menu.dk\/crazy-sushi\/?s={search_term_string}"},"query-input":{"@type":"PropertyValueSpecification","valueRequired":true,"valueName":"search_term_string"}}],"inLanguage":"da-DK"},{"@type":"Organization","@id":"https:\/\/qr-menu.dk\/crazy-sushi\/#organization","name":"Crazy Sushi | N\u00e6stved","url":"https:\/\/qr-menu.dk\/crazy-sushi\/","logo":{"@type":"ImageObject","inLanguage":"da-DK","@id":"https:\/\/qr-menu.dk\/crazy-sushi\/#\/schema\/logo\/image\/","url":"https:\/\/qr-menu.dk\/crazy-sushi\/wp-content\/uploads\/sites\/19\/crazy-sushi-logo.webp","contentUrl":"https:\/\/qr-menu.dk\/crazy-sushi\/wp-content\/uploads\/sites\/19\/crazy-sushi-logo.webp","width":720,"height":415,"caption":"Crazy Sushi | N\u00e6stved"},"image":{"@id":"https:\/\/qr-menu.dk\/crazy-sushi\/#\/schema\/logo\/image\/"}}]}},"_links":{"self":[{"href":"https:\/\/qr-menu.dk\/crazy-sushi\/wp-json\/wp\/v2\/product\/3265","targetHints":{"allow":["GET"]}}],"collection":[{"href":"https:\/\/qr-menu.dk\/crazy-sushi\/wp-json\/wp\/v2\/product"}],"about":[{"href":"https:\/\/qr-menu.dk\/crazy-sushi\/wp-json\/wp\/v2\/types\/product"}],"wp:featuredmedia":[{"embeddable":true,"href":"https:\/\/qr-menu.dk\/crazy-sushi\/wp-json\/wp\/v2\/media\/3290"}],"wp:attachment":[{"href":"https:\/\/qr-menu.dk\/crazy-sushi\/wp-json\/wp\/v2\/media?parent=3265"}],"wp:term":[{"taxonomy":"product_brand","embeddable":true,"href":"https:\/\/qr-menu.dk\/crazy-sushi\/wp-json\/wp\/v2\/product_brand?post=3265"},{"taxonomy":"product_cat","embeddable":true,"href":"https:\/\/qr-menu.dk\/crazy-sushi\/wp-json\/wp\/v2\/product_cat?post=3265"},{"taxonomy":"product_tag","embeddable":true,"href":"https:\/\/qr-menu.dk\/crazy-sushi\/wp-json\/wp\/v2\/product_tag?post=3265"}],"curies":[{"name":"wp","href":"https:\/\/api.w.org\/{rel}","templated":true}]}}