{"id":721,"date":"2024-11-23T17:52:25","date_gmt":"2024-11-23T16:52:25","guid":{"rendered":"https:\/\/qr-menu.dk\/demo-menu\/?page_id=721"},"modified":"2024-11-25T11:34:51","modified_gmt":"2024-11-25T10:34:51","slug":"morgenmad","status":"publish","type":"page","link":"https:\/\/qr-menu.dk\/demo-menu\/morgenmad\/","title":{"rendered":"Morgenmad"},"content":{"rendered":"\t\t<div data-elementor-type=\"wp-page\" data-elementor-id=\"721\" class=\"elementor elementor-721\" data-elementor-post-type=\"page\">\n\t\t\t\t\t\t<section class=\"elementor-section elementor-top-section elementor-element elementor-element-ab4c37a elementor-section-height-min-height elementor-section-items-top elementor-section-full_width elementor-section-height-default\" data-id=\"ab4c37a\" data-element_type=\"section\" data-e-type=\"section\">\n\t\t\t\t\t\t<div class=\"elementor-container elementor-column-gap-default\">\n\t\t\t\t\t<div class=\"elementor-column elementor-col-100 elementor-top-column elementor-element elementor-element-26d9464\" data-id=\"26d9464\" data-element_type=\"column\" data-e-type=\"column\">\n\t\t\t<div class=\"elementor-widget-wrap elementor-element-populated\">\n\t\t\t\t\t\t<div class=\"elementor-element elementor-element-ffb66a8 elementor-widget elementor-widget-global elementor-global-1169 elementor-widget-button\" data-id=\"ffb66a8\" data-element_type=\"widget\" data-e-type=\"widget\" data-widget_type=\"button.default\">\n\t\t\t\t<div class=\"elementor-widget-container\">\n\t\t\t\t\t\t\t\t\t<div class=\"elementor-button-wrapper\">\n\t\t\t\t\t<a class=\"elementor-button elementor-button-link elementor-size-sm\" href=\"https:\/\/qr-menu.dk\/demo-menu\/demo-restaurant-menukort\/\">\n\t\t\t\t\t\t<span class=\"elementor-button-content-wrapper\">\n\t\t\t\t\t\t<span class=\"elementor-button-icon\">\n\t\t\t\t<i aria-hidden=\"true\" class=\"fas fa-chevron-left\"><\/i>\t\t\t<\/span>\n\t\t\t\t\t\t\t\t\t<span class=\"elementor-button-text\">Tilbage<\/span>\n\t\t\t\t\t<\/span>\n\t\t\t\t\t<\/a>\n\t\t\t\t<\/div>\n\t\t\t\t\t\t\t\t<\/div>\n\t\t\t\t<\/div>\n\t\t\t\t<section class=\"elementor-section elementor-inner-section elementor-element elementor-element-b958a5d elementor-section-full_width elementor-section-height-default elementor-section-height-default\" data-id=\"b958a5d\" data-element_type=\"section\" data-e-type=\"section\" data-settings=\"{&quot;background_background&quot;:&quot;classic&quot;}\">\n\t\t\t\t\t\t<div class=\"elementor-container elementor-column-gap-default\">\n\t\t\t\t\t<div class=\"elementor-column elementor-col-100 elementor-inner-column elementor-element elementor-element-ea0f6d7\" data-id=\"ea0f6d7\" data-element_type=\"column\" data-e-type=\"column\">\n\t\t\t<div class=\"elementor-widget-wrap elementor-element-populated\">\n\t\t\t\t\t\t<div class=\"elementor-element elementor-element-1b575a7 elementor-widget elementor-widget-heading\" data-id=\"1b575a7\" data-element_type=\"widget\" data-e-type=\"widget\" data-widget_type=\"heading.default\">\n\t\t\t\t<div class=\"elementor-widget-container\">\n\t\t\t\t\t<h2 class=\"elementor-heading-title elementor-size-default\">Morgenmad<\/h2>\t\t\t\t<\/div>\n\t\t\t\t<\/div>\n\t\t\t\t<div class=\"elementor-element elementor-element-da47d17 elementor-widget elementor-widget-text-editor\" data-id=\"da47d17\" data-element_type=\"widget\" data-e-type=\"widget\" data-widget_type=\"text-editor.default\">\n\t\t\t\t<div class=\"elementor-widget-container\">\n\t\t\t\t\t\t\t\t\tServeres fra 09:00 &#8211; 11:00\t\t\t\t\t\t\t\t<\/div>\n\t\t\t\t<\/div>\n\t\t\t\t\t<\/div>\n\t\t<\/div>\n\t\t\t\t\t<\/div>\n\t\t<\/section>\n\t\t\t\t<section class=\"elementor-section elementor-inner-section elementor-element elementor-element-ed76de6 elementor-section-full_width elementor-section-height-default elementor-section-height-default\" data-id=\"ed76de6\" data-element_type=\"section\" data-e-type=\"section\" data-settings=\"{&quot;background_background&quot;:&quot;classic&quot;}\">\n\t\t\t\t\t\t<div class=\"elementor-container elementor-column-gap-default\">\n\t\t\t\t\t<div class=\"elementor-column elementor-col-50 elementor-inner-column elementor-element elementor-element-c7340cd\" data-id=\"c7340cd\" data-element_type=\"column\" data-e-type=\"column\">\n\t\t\t<div class=\"elementor-widget-wrap elementor-element-populated\">\n\t\t\t\t\t\t<div class=\"elementor-element elementor-element-feafb38 elementor-widget elementor-widget-heading\" data-id=\"feafb38\" data-element_type=\"widget\" data-e-type=\"widget\" data-widget_type=\"heading.default\">\n\t\t\t\t<div class=\"elementor-widget-container\">\n\t\t\t\t\t<h2 class=\"elementor-heading-title elementor-size-default\">Avocado toast med pocheret \u00e6g og chiliolie<\/h2>\t\t\t\t<\/div>\n\t\t\t\t<\/div>\n\t\t\t\t<div class=\"elementor-element elementor-element-79a281e elementor-widget elementor-widget-text-editor\" data-id=\"79a281e\" data-element_type=\"widget\" data-e-type=\"widget\" data-widget_type=\"text-editor.default\">\n\t\t\t\t<div class=\"elementor-widget-container\">\n\t\t\t\t\t\t\t\t\t<p>En moderne klassiker, der kombinerer cremet avocado, perfekt pocheret \u00e6g og et hint af krydret chili \u2013 serveret p\u00e5 ristet surdejsbr\u00f8d med et strejf af elegance.<\/p>\t\t\t\t\t\t\t\t<\/div>\n\t\t\t\t<\/div>\n\t\t\t\t<div class=\"elementor-element elementor-element-cca9669 elementor-widget-mobile__width-auto elementor-widget-tablet__width-auto elementor-widget__width-auto elementor-widget elementor-widget-text-editor\" data-id=\"cca9669\" data-element_type=\"widget\" data-e-type=\"widget\" data-widget_type=\"text-editor.default\">\n\t\t\t\t<div class=\"elementor-widget-container\">\n\t\t\t\t\t\t\t\t\t79 KR\t\t\t\t\t\t\t\t<\/div>\n\t\t\t\t<\/div>\n\t\t\t\t\t<\/div>\n\t\t<\/div>\n\t\t\t\t<div class=\"elementor-column elementor-col-50 elementor-inner-column elementor-element elementor-element-5d6cf1a\" data-id=\"5d6cf1a\" data-element_type=\"column\" data-e-type=\"column\">\n\t\t\t<div class=\"elementor-widget-wrap elementor-element-populated\">\n\t\t\t\t\t\t<div class=\"elementor-element elementor-element-c28839d elementor-widget-mobile__width-initial elementor-widget elementor-widget-image\" data-id=\"c28839d\" data-element_type=\"widget\" data-e-type=\"widget\" data-widget_type=\"image.default\">\n\t\t\t\t<div class=\"elementor-widget-container\">\n\t\t\t\t\t\t\t\t\t\t\t\t\t\t\t<img decoding=\"async\" width=\"200\" height=\"200\" src=\"https:\/\/qr-menu.dk\/demo-menu\/wp-content\/uploads\/sites\/3\/2024\/11\/qr-menu-demo-restaurant-fotopaavej.webp\" class=\"attachment-large size-large wp-image-1026\" alt=\"\" srcset=\"https:\/\/qr-menu.dk\/demo-menu\/wp-content\/uploads\/sites\/3\/2024\/11\/qr-menu-demo-restaurant-fotopaavej.webp 200w, https:\/\/qr-menu.dk\/demo-menu\/wp-content\/uploads\/sites\/3\/2024\/11\/qr-menu-demo-restaurant-fotopaavej-150x150.webp 150w\" sizes=\"(max-width: 200px) 100vw, 200px\" \/>\t\t\t\t\t\t\t\t\t\t\t\t\t\t\t<\/div>\n\t\t\t\t<\/div>\n\t\t\t\t\t<\/div>\n\t\t<\/div>\n\t\t\t\t\t<\/div>\n\t\t<\/section>\n\t\t\t\t<section class=\"elementor-section elementor-inner-section elementor-element elementor-element-96fd86a elementor-section-full_width elementor-section-height-default elementor-section-height-default\" data-id=\"96fd86a\" data-element_type=\"section\" data-e-type=\"section\" data-settings=\"{&quot;background_background&quot;:&quot;classic&quot;}\">\n\t\t\t\t\t\t<div class=\"elementor-container elementor-column-gap-default\">\n\t\t\t\t\t<div class=\"elementor-column elementor-col-50 elementor-inner-column elementor-element elementor-element-ed831c4\" data-id=\"ed831c4\" data-element_type=\"column\" data-e-type=\"column\">\n\t\t\t<div class=\"elementor-widget-wrap elementor-element-populated\">\n\t\t\t\t\t\t<div class=\"elementor-element elementor-element-c95d8e1 elementor-widget elementor-widget-heading\" data-id=\"c95d8e1\" data-element_type=\"widget\" data-e-type=\"widget\" data-widget_type=\"heading.default\">\n\t\t\t\t<div class=\"elementor-widget-container\">\n\t\t\t\t\t<h2 class=\"elementor-heading-title elementor-size-default\">Smoothie bowl med frisk frugt og chiafr\u00f8<\/h2>\t\t\t\t<\/div>\n\t\t\t\t<\/div>\n\t\t\t\t<div class=\"elementor-element elementor-element-ee80804 elementor-widget elementor-widget-text-editor\" data-id=\"ee80804\" data-element_type=\"widget\" data-e-type=\"widget\" data-widget_type=\"text-editor.default\">\n\t\t\t\t<div class=\"elementor-widget-container\">\n\t\t\t\t\t\t\t\t\t<p>En farverig og sund morgenmadssk\u00e5l fyldt med cremet smoothie, toppet med s\u00e6sonens frugter, spr\u00f8de granola og n\u00e6rende chiafr\u00f8.<\/p>\t\t\t\t\t\t\t\t<\/div>\n\t\t\t\t<\/div>\n\t\t\t\t<div class=\"elementor-element elementor-element-edcf588 elementor-widget-mobile__width-auto elementor-widget-tablet__width-auto elementor-widget__width-auto elementor-widget elementor-widget-text-editor\" data-id=\"edcf588\" data-element_type=\"widget\" data-e-type=\"widget\" data-widget_type=\"text-editor.default\">\n\t\t\t\t<div class=\"elementor-widget-container\">\n\t\t\t\t\t\t\t\t\t89 KR\t\t\t\t\t\t\t\t<\/div>\n\t\t\t\t<\/div>\n\t\t\t\t\t<\/div>\n\t\t<\/div>\n\t\t\t\t<div class=\"elementor-column elementor-col-50 elementor-inner-column elementor-element elementor-element-b6acc88\" data-id=\"b6acc88\" data-element_type=\"column\" data-e-type=\"column\">\n\t\t\t<div class=\"elementor-widget-wrap elementor-element-populated\">\n\t\t\t\t\t\t<div class=\"elementor-element elementor-element-7adb136 elementor-widget-mobile__width-initial elementor-widget elementor-widget-image\" data-id=\"7adb136\" data-element_type=\"widget\" data-e-type=\"widget\" data-widget_type=\"image.default\">\n\t\t\t\t<div class=\"elementor-widget-container\">\n\t\t\t\t\t\t\t\t\t\t\t\t\t\t\t<img decoding=\"async\" width=\"200\" height=\"200\" src=\"https:\/\/qr-menu.dk\/demo-menu\/wp-content\/uploads\/sites\/3\/2024\/11\/qr-menu-demo-restaurant-fotopaavej.webp\" class=\"attachment-large size-large wp-image-1026\" alt=\"\" srcset=\"https:\/\/qr-menu.dk\/demo-menu\/wp-content\/uploads\/sites\/3\/2024\/11\/qr-menu-demo-restaurant-fotopaavej.webp 200w, https:\/\/qr-menu.dk\/demo-menu\/wp-content\/uploads\/sites\/3\/2024\/11\/qr-menu-demo-restaurant-fotopaavej-150x150.webp 150w\" sizes=\"(max-width: 200px) 100vw, 200px\" \/>\t\t\t\t\t\t\t\t\t\t\t\t\t\t\t<\/div>\n\t\t\t\t<\/div>\n\t\t\t\t\t<\/div>\n\t\t<\/div>\n\t\t\t\t\t<\/div>\n\t\t<\/section>\n\t\t\t\t<section class=\"elementor-section elementor-inner-section elementor-element elementor-element-d4d20db elementor-section-full_width elementor-section-height-default elementor-section-height-default\" data-id=\"d4d20db\" data-element_type=\"section\" data-e-type=\"section\" data-settings=\"{&quot;background_background&quot;:&quot;classic&quot;}\">\n\t\t\t\t\t\t<div class=\"elementor-container elementor-column-gap-default\">\n\t\t\t\t\t<div class=\"elementor-column elementor-col-50 elementor-inner-column elementor-element elementor-element-a09ed2c\" data-id=\"a09ed2c\" data-element_type=\"column\" data-e-type=\"column\">\n\t\t\t<div class=\"elementor-widget-wrap elementor-element-populated\">\n\t\t\t\t\t\t<div class=\"elementor-element elementor-element-798112e elementor-widget elementor-widget-heading\" data-id=\"798112e\" data-element_type=\"widget\" data-e-type=\"widget\" data-widget_type=\"heading.default\">\n\t\t\t\t<div class=\"elementor-widget-container\">\n\t\t\t\t\t<h2 class=\"elementor-heading-title elementor-size-default\">Croissant sandwich med avokado og scrambled eggs<\/h2>\t\t\t\t<\/div>\n\t\t\t\t<\/div>\n\t\t\t\t<div class=\"elementor-element elementor-element-2dfea42 elementor-widget elementor-widget-text-editor\" data-id=\"2dfea42\" data-element_type=\"widget\" data-e-type=\"widget\" data-widget_type=\"text-editor.default\">\n\t\t\t\t<div class=\"elementor-widget-container\">\n\t\t\t\t\t\t\t\t\t<p>Spr\u00f8d croissant fyldt med silkebl\u00f8de scrambled eggs, moden avokado og et strejf af friskhed fra mikrogr\u00f8nt \u2013 en dekadent start p\u00e5 dagen.<\/p>\t\t\t\t\t\t\t\t<\/div>\n\t\t\t\t<\/div>\n\t\t\t\t<div class=\"elementor-element elementor-element-345352a elementor-widget-mobile__width-auto elementor-widget-tablet__width-auto elementor-widget__width-auto elementor-widget elementor-widget-text-editor\" data-id=\"345352a\" data-element_type=\"widget\" data-e-type=\"widget\" data-widget_type=\"text-editor.default\">\n\t\t\t\t<div class=\"elementor-widget-container\">\n\t\t\t\t\t\t\t\t\t119 KR\t\t\t\t\t\t\t\t<\/div>\n\t\t\t\t<\/div>\n\t\t\t\t\t<\/div>\n\t\t<\/div>\n\t\t\t\t<div class=\"elementor-column elementor-col-50 elementor-inner-column elementor-element elementor-element-53176ea\" data-id=\"53176ea\" data-element_type=\"column\" data-e-type=\"column\">\n\t\t\t<div class=\"elementor-widget-wrap elementor-element-populated\">\n\t\t\t\t\t\t<div class=\"elementor-element elementor-element-c750572 elementor-widget-mobile__width-initial elementor-widget elementor-widget-image\" data-id=\"c750572\" data-element_type=\"widget\" data-e-type=\"widget\" data-widget_type=\"image.default\">\n\t\t\t\t<div class=\"elementor-widget-container\">\n\t\t\t\t\t\t\t\t\t\t\t\t\t\t\t<img decoding=\"async\" width=\"200\" height=\"200\" src=\"https:\/\/qr-menu.dk\/demo-menu\/wp-content\/uploads\/sites\/3\/2024\/11\/qr-menu-demo-restaurant-fotopaavej.webp\" class=\"attachment-large size-large wp-image-1026\" alt=\"\" srcset=\"https:\/\/qr-menu.dk\/demo-menu\/wp-content\/uploads\/sites\/3\/2024\/11\/qr-menu-demo-restaurant-fotopaavej.webp 200w, https:\/\/qr-menu.dk\/demo-menu\/wp-content\/uploads\/sites\/3\/2024\/11\/qr-menu-demo-restaurant-fotopaavej-150x150.webp 150w\" sizes=\"(max-width: 200px) 100vw, 200px\" \/>\t\t\t\t\t\t\t\t\t\t\t\t\t\t\t<\/div>\n\t\t\t\t<\/div>\n\t\t\t\t\t<\/div>\n\t\t<\/div>\n\t\t\t\t\t<\/div>\n\t\t<\/section>\n\t\t\t\t<section class=\"elementor-section elementor-inner-section elementor-element elementor-element-cded370 elementor-section-full_width elementor-section-height-default elementor-section-height-default\" data-id=\"cded370\" data-element_type=\"section\" data-e-type=\"section\" data-settings=\"{&quot;background_background&quot;:&quot;classic&quot;}\">\n\t\t\t\t\t\t<div class=\"elementor-container elementor-column-gap-default\">\n\t\t\t\t\t<div class=\"elementor-column elementor-col-50 elementor-inner-column elementor-element elementor-element-769bfe4\" data-id=\"769bfe4\" data-element_type=\"column\" data-e-type=\"column\">\n\t\t\t<div class=\"elementor-widget-wrap elementor-element-populated\">\n\t\t\t\t\t\t<div class=\"elementor-element elementor-element-e735c5d elementor-widget elementor-widget-heading\" data-id=\"e735c5d\" data-element_type=\"widget\" data-e-type=\"widget\" data-widget_type=\"heading.default\">\n\t\t\t\t<div class=\"elementor-widget-container\">\n\t\t\t\t\t<h2 class=\"elementor-heading-title elementor-size-default\">Yoghurt med granola og b\u00e6rkompot<\/h2>\t\t\t\t<\/div>\n\t\t\t\t<\/div>\n\t\t\t\t<div class=\"elementor-element elementor-element-92df3b5 elementor-widget elementor-widget-text-editor\" data-id=\"92df3b5\" data-element_type=\"widget\" data-e-type=\"widget\" data-widget_type=\"text-editor.default\">\n\t\t\t\t<div class=\"elementor-widget-container\">\n\t\t\t\t\t\t\t\t\t<p>L\u00e6kker gr\u00e6sk yoghurt serveret med hjemmelavet granola, s\u00f8d b\u00e6rkompot og et drys ristede n\u00f8dder for ekstra crunch.<\/p>\t\t\t\t\t\t\t\t<\/div>\n\t\t\t\t<\/div>\n\t\t\t\t<div class=\"elementor-element elementor-element-7e09ff8 elementor-widget-mobile__width-auto elementor-widget-tablet__width-auto elementor-widget__width-auto elementor-widget elementor-widget-text-editor\" data-id=\"7e09ff8\" data-element_type=\"widget\" data-e-type=\"widget\" data-widget_type=\"text-editor.default\">\n\t\t\t\t<div class=\"elementor-widget-container\">\n\t\t\t\t\t\t\t\t\t99 KR\t\t\t\t\t\t\t\t<\/div>\n\t\t\t\t<\/div>\n\t\t\t\t\t<\/div>\n\t\t<\/div>\n\t\t\t\t<div class=\"elementor-column elementor-col-50 elementor-inner-column elementor-element elementor-element-affd388\" data-id=\"affd388\" data-element_type=\"column\" data-e-type=\"column\">\n\t\t\t<div class=\"elementor-widget-wrap elementor-element-populated\">\n\t\t\t\t\t\t<div class=\"elementor-element elementor-element-9828cfd elementor-widget-mobile__width-initial elementor-widget elementor-widget-image\" data-id=\"9828cfd\" data-element_type=\"widget\" data-e-type=\"widget\" data-widget_type=\"image.default\">\n\t\t\t\t<div class=\"elementor-widget-container\">\n\t\t\t\t\t\t\t\t\t\t\t\t\t\t\t<img decoding=\"async\" width=\"200\" height=\"200\" src=\"https:\/\/qr-menu.dk\/demo-menu\/wp-content\/uploads\/sites\/3\/2024\/11\/qr-menu-demo-restaurant-fotopaavej.webp\" class=\"attachment-large size-large wp-image-1026\" alt=\"\" srcset=\"https:\/\/qr-menu.dk\/demo-menu\/wp-content\/uploads\/sites\/3\/2024\/11\/qr-menu-demo-restaurant-fotopaavej.webp 200w, https:\/\/qr-menu.dk\/demo-menu\/wp-content\/uploads\/sites\/3\/2024\/11\/qr-menu-demo-restaurant-fotopaavej-150x150.webp 150w\" sizes=\"(max-width: 200px) 100vw, 200px\" \/>\t\t\t\t\t\t\t\t\t\t\t\t\t\t\t<\/div>\n\t\t\t\t<\/div>\n\t\t\t\t\t<\/div>\n\t\t<\/div>\n\t\t\t\t\t<\/div>\n\t\t<\/section>\n\t\t\t\t\t<\/div>\n\t\t<\/div>\n\t\t\t\t\t<\/div>\n\t\t<\/section>\n\t\t\t\t<\/div>\n\t\t","protected":false},"excerpt":{"rendered":"<p>Tilbage Morgenmad Serveres fra 09:00 &#8211; 11:00 Avocado toast med pocheret \u00e6g og chiliolie En moderne klassiker, der kombinerer cremet avocado, perfekt pocheret \u00e6g og et hint af krydret chili \u2013 serveret p\u00e5 ristet surdejsbr\u00f8d med et strejf af elegance. 79 KR Smoothie bowl med frisk frugt og chiafr\u00f8 En farverig og sund morgenmadssk\u00e5l fyldt [&hellip;]<\/p>\n","protected":false},"author":1,"featured_media":0,"parent":0,"menu_order":0,"comment_status":"closed","ping_status":"closed","template":"elementor_header_footer","meta":{"footnotes":""},"class_list":["post-721","page","type-page","status-publish","hentry"],"yoast_head":"<!-- This site is optimized with the Yoast SEO plugin v27.2 - https:\/\/yoast.com\/product\/yoast-seo-wordpress\/ -->\n<title>Morgenmad - Restaurant demo menu<\/title>\n<meta name=\"robots\" content=\"noindex, follow, max-snippet:-1, max-image-preview:large, max-video-preview:-1\" \/>\n<meta property=\"og:locale\" content=\"da_DK\" \/>\n<meta property=\"og:type\" content=\"article\" \/>\n<meta property=\"og:title\" content=\"Morgenmad - Restaurant demo menu\" \/>\n<meta property=\"og:description\" content=\"Tilbage Morgenmad Serveres fra 09:00 &#8211; 11:00 Avocado toast med pocheret \u00e6g og chiliolie En moderne klassiker, der kombinerer cremet avocado, perfekt pocheret \u00e6g og et hint af krydret chili \u2013 serveret p\u00e5 ristet surdejsbr\u00f8d med et strejf af elegance. 79 KR Smoothie bowl med frisk frugt og chiafr\u00f8 En farverig og sund morgenmadssk\u00e5l fyldt [&hellip;]\" \/>\n<meta property=\"og:url\" content=\"https:\/\/qr-menu.dk\/demo-menu\/morgenmad\/\" \/>\n<meta property=\"og:site_name\" content=\"Restaurant demo menu\" \/>\n<meta property=\"article:modified_time\" content=\"2024-11-25T10:34:51+00:00\" \/>\n<meta property=\"og:image\" content=\"https:\/\/qr-menu.dk\/demo-menu\/wp-content\/uploads\/sites\/3\/2024\/11\/qr-menu-demo-restaurant-fotopaavej.webp\" \/>\n\t<meta property=\"og:image:width\" content=\"200\" \/>\n\t<meta property=\"og:image:height\" content=\"200\" \/>\n\t<meta property=\"og:image:type\" content=\"image\/webp\" \/>\n<meta name=\"twitter:card\" content=\"summary_large_image\" \/>\n<meta name=\"twitter:label1\" content=\"Estimeret l\u00e6setid\" \/>\n\t<meta name=\"twitter:data1\" content=\"2 minutter\" \/>\n<script type=\"application\/ld+json\" class=\"yoast-schema-graph\">{\"@context\":\"https:\/\/schema.org\",\"@graph\":[{\"@type\":\"WebPage\",\"@id\":\"https:\/\/qr-menu.dk\/demo-menu\/morgenmad\/\",\"url\":\"https:\/\/qr-menu.dk\/demo-menu\/morgenmad\/\",\"name\":\"Morgenmad - Restaurant demo menu\",\"isPartOf\":{\"@id\":\"https:\/\/qr-menu.dk\/demo-menu\/#website\"},\"primaryImageOfPage\":{\"@id\":\"https:\/\/qr-menu.dk\/demo-menu\/morgenmad\/#primaryimage\"},\"image\":{\"@id\":\"https:\/\/qr-menu.dk\/demo-menu\/morgenmad\/#primaryimage\"},\"thumbnailUrl\":\"https:\/\/qr-menu.dk\/demo-menu\/wp-content\/uploads\/sites\/3\/2024\/11\/qr-menu-demo-restaurant-fotopaavej.webp\",\"datePublished\":\"2024-11-23T16:52:25+00:00\",\"dateModified\":\"2024-11-25T10:34:51+00:00\",\"breadcrumb\":{\"@id\":\"https:\/\/qr-menu.dk\/demo-menu\/morgenmad\/#breadcrumb\"},\"inLanguage\":\"da-DK\",\"potentialAction\":[{\"@type\":\"ReadAction\",\"target\":[\"https:\/\/qr-menu.dk\/demo-menu\/morgenmad\/\"]}]},{\"@type\":\"ImageObject\",\"inLanguage\":\"da-DK\",\"@id\":\"https:\/\/qr-menu.dk\/demo-menu\/morgenmad\/#primaryimage\",\"url\":\"https:\/\/qr-menu.dk\/demo-menu\/wp-content\/uploads\/sites\/3\/2024\/11\/qr-menu-demo-restaurant-fotopaavej.webp\",\"contentUrl\":\"https:\/\/qr-menu.dk\/demo-menu\/wp-content\/uploads\/sites\/3\/2024\/11\/qr-menu-demo-restaurant-fotopaavej.webp\",\"width\":200,\"height\":200},{\"@type\":\"BreadcrumbList\",\"@id\":\"https:\/\/qr-menu.dk\/demo-menu\/morgenmad\/#breadcrumb\",\"itemListElement\":[{\"@type\":\"ListItem\",\"position\":1,\"name\":\"Hjem\",\"item\":\"https:\/\/qr-menu.dk\/demo-menu\/\"},{\"@type\":\"ListItem\",\"position\":2,\"name\":\"Morgenmad\"}]},{\"@type\":\"WebSite\",\"@id\":\"https:\/\/qr-menu.dk\/demo-menu\/#website\",\"url\":\"https:\/\/qr-menu.dk\/demo-menu\/\",\"name\":\"Restaurant demo menu\",\"description\":\"\",\"publisher\":{\"@id\":\"https:\/\/qr-menu.dk\/demo-menu\/#organization\"},\"potentialAction\":[{\"@type\":\"SearchAction\",\"target\":{\"@type\":\"EntryPoint\",\"urlTemplate\":\"https:\/\/qr-menu.dk\/demo-menu\/?s={search_term_string}\"},\"query-input\":{\"@type\":\"PropertyValueSpecification\",\"valueRequired\":true,\"valueName\":\"search_term_string\"}}],\"inLanguage\":\"da-DK\"},{\"@type\":\"Organization\",\"@id\":\"https:\/\/qr-menu.dk\/demo-menu\/#organization\",\"name\":\"Restaurant demo menu\",\"url\":\"https:\/\/qr-menu.dk\/demo-menu\/\",\"logo\":{\"@type\":\"ImageObject\",\"inLanguage\":\"da-DK\",\"@id\":\"https:\/\/qr-menu.dk\/demo-menu\/#\/schema\/logo\/image\/\",\"url\":\"https:\/\/qr-menu.dk\/demo-menu\/wp-content\/uploads\/sites\/3\/2024\/11\/qr-menu-demo-restaurant-logo.webp\",\"contentUrl\":\"https:\/\/qr-menu.dk\/demo-menu\/wp-content\/uploads\/sites\/3\/2024\/11\/qr-menu-demo-restaurant-logo.webp\",\"width\":500,\"height\":500,\"caption\":\"Restaurant demo menu\"},\"image\":{\"@id\":\"https:\/\/qr-menu.dk\/demo-menu\/#\/schema\/logo\/image\/\"}}]}<\/script>\n<!-- \/ Yoast SEO plugin. -->","yoast_head_json":{"title":"Morgenmad - Restaurant demo menu","robots":{"index":"noindex","follow":"follow","max-snippet":"max-snippet:-1","max-image-preview":"max-image-preview:large","max-video-preview":"max-video-preview:-1"},"og_locale":"da_DK","og_type":"article","og_title":"Morgenmad - Restaurant demo menu","og_description":"Tilbage Morgenmad Serveres fra 09:00 &#8211; 11:00 Avocado toast med pocheret \u00e6g og chiliolie En moderne klassiker, der kombinerer cremet avocado, perfekt pocheret \u00e6g og et hint af krydret chili \u2013 serveret p\u00e5 ristet surdejsbr\u00f8d med et strejf af elegance. 79 KR Smoothie bowl med frisk frugt og chiafr\u00f8 En farverig og sund morgenmadssk\u00e5l fyldt [&hellip;]","og_url":"https:\/\/qr-menu.dk\/demo-menu\/morgenmad\/","og_site_name":"Restaurant demo menu","article_modified_time":"2024-11-25T10:34:51+00:00","og_image":[{"width":200,"height":200,"url":"https:\/\/qr-menu.dk\/demo-menu\/wp-content\/uploads\/sites\/3\/2024\/11\/qr-menu-demo-restaurant-fotopaavej.webp","type":"image\/webp"}],"twitter_card":"summary_large_image","twitter_misc":{"Estimeret l\u00e6setid":"2 minutter"},"schema":{"@context":"https:\/\/schema.org","@graph":[{"@type":"WebPage","@id":"https:\/\/qr-menu.dk\/demo-menu\/morgenmad\/","url":"https:\/\/qr-menu.dk\/demo-menu\/morgenmad\/","name":"Morgenmad - Restaurant demo menu","isPartOf":{"@id":"https:\/\/qr-menu.dk\/demo-menu\/#website"},"primaryImageOfPage":{"@id":"https:\/\/qr-menu.dk\/demo-menu\/morgenmad\/#primaryimage"},"image":{"@id":"https:\/\/qr-menu.dk\/demo-menu\/morgenmad\/#primaryimage"},"thumbnailUrl":"https:\/\/qr-menu.dk\/demo-menu\/wp-content\/uploads\/sites\/3\/2024\/11\/qr-menu-demo-restaurant-fotopaavej.webp","datePublished":"2024-11-23T16:52:25+00:00","dateModified":"2024-11-25T10:34:51+00:00","breadcrumb":{"@id":"https:\/\/qr-menu.dk\/demo-menu\/morgenmad\/#breadcrumb"},"inLanguage":"da-DK","potentialAction":[{"@type":"ReadAction","target":["https:\/\/qr-menu.dk\/demo-menu\/morgenmad\/"]}]},{"@type":"ImageObject","inLanguage":"da-DK","@id":"https:\/\/qr-menu.dk\/demo-menu\/morgenmad\/#primaryimage","url":"https:\/\/qr-menu.dk\/demo-menu\/wp-content\/uploads\/sites\/3\/2024\/11\/qr-menu-demo-restaurant-fotopaavej.webp","contentUrl":"https:\/\/qr-menu.dk\/demo-menu\/wp-content\/uploads\/sites\/3\/2024\/11\/qr-menu-demo-restaurant-fotopaavej.webp","width":200,"height":200},{"@type":"BreadcrumbList","@id":"https:\/\/qr-menu.dk\/demo-menu\/morgenmad\/#breadcrumb","itemListElement":[{"@type":"ListItem","position":1,"name":"Hjem","item":"https:\/\/qr-menu.dk\/demo-menu\/"},{"@type":"ListItem","position":2,"name":"Morgenmad"}]},{"@type":"WebSite","@id":"https:\/\/qr-menu.dk\/demo-menu\/#website","url":"https:\/\/qr-menu.dk\/demo-menu\/","name":"Restaurant demo menu","description":"","publisher":{"@id":"https:\/\/qr-menu.dk\/demo-menu\/#organization"},"potentialAction":[{"@type":"SearchAction","target":{"@type":"EntryPoint","urlTemplate":"https:\/\/qr-menu.dk\/demo-menu\/?s={search_term_string}"},"query-input":{"@type":"PropertyValueSpecification","valueRequired":true,"valueName":"search_term_string"}}],"inLanguage":"da-DK"},{"@type":"Organization","@id":"https:\/\/qr-menu.dk\/demo-menu\/#organization","name":"Restaurant demo menu","url":"https:\/\/qr-menu.dk\/demo-menu\/","logo":{"@type":"ImageObject","inLanguage":"da-DK","@id":"https:\/\/qr-menu.dk\/demo-menu\/#\/schema\/logo\/image\/","url":"https:\/\/qr-menu.dk\/demo-menu\/wp-content\/uploads\/sites\/3\/2024\/11\/qr-menu-demo-restaurant-logo.webp","contentUrl":"https:\/\/qr-menu.dk\/demo-menu\/wp-content\/uploads\/sites\/3\/2024\/11\/qr-menu-demo-restaurant-logo.webp","width":500,"height":500,"caption":"Restaurant demo menu"},"image":{"@id":"https:\/\/qr-menu.dk\/demo-menu\/#\/schema\/logo\/image\/"}}]}},"_links":{"self":[{"href":"https:\/\/qr-menu.dk\/demo-menu\/wp-json\/wp\/v2\/pages\/721","targetHints":{"allow":["GET"]}}],"collection":[{"href":"https:\/\/qr-menu.dk\/demo-menu\/wp-json\/wp\/v2\/pages"}],"about":[{"href":"https:\/\/qr-menu.dk\/demo-menu\/wp-json\/wp\/v2\/types\/page"}],"author":[{"embeddable":true,"href":"https:\/\/qr-menu.dk\/demo-menu\/wp-json\/wp\/v2\/users\/1"}],"replies":[{"embeddable":true,"href":"https:\/\/qr-menu.dk\/demo-menu\/wp-json\/wp\/v2\/comments?post=721"}],"version-history":[{"count":124,"href":"https:\/\/qr-menu.dk\/demo-menu\/wp-json\/wp\/v2\/pages\/721\/revisions"}],"predecessor-version":[{"id":1188,"href":"https:\/\/qr-menu.dk\/demo-menu\/wp-json\/wp\/v2\/pages\/721\/revisions\/1188"}],"wp:attachment":[{"href":"https:\/\/qr-menu.dk\/demo-menu\/wp-json\/wp\/v2\/media?parent=721"}],"curies":[{"name":"wp","href":"https:\/\/api.w.org\/{rel}","templated":true}]}}