{"id":991,"date":"2024-11-24T13:32:01","date_gmt":"2024-11-24T12:32:01","guid":{"rendered":"https:\/\/qr-menu.dk\/demo-menu\/?page_id=991"},"modified":"2024-11-25T11:32:35","modified_gmt":"2024-11-25T10:32:35","slug":"aftenretter","status":"publish","type":"page","link":"https:\/\/qr-menu.dk\/demo-menu\/aftenretter\/","title":{"rendered":"Aftenretter"},"content":{"rendered":"\t\t<div data-elementor-type=\"wp-page\" data-elementor-id=\"991\" class=\"elementor elementor-991\" data-elementor-post-type=\"page\">\n\t\t\t\t\t\t<section class=\"elementor-section elementor-top-section elementor-element elementor-element-33ed1b7 elementor-section-height-min-height elementor-section-items-top elementor-section-full_width elementor-section-height-default\" data-id=\"33ed1b7\" data-element_type=\"section\" data-e-type=\"section\">\n\t\t\t\t\t\t<div class=\"elementor-container elementor-column-gap-default\">\n\t\t\t\t\t<div class=\"elementor-column elementor-col-100 elementor-top-column elementor-element elementor-element-e56ac46\" data-id=\"e56ac46\" data-element_type=\"column\" data-e-type=\"column\">\n\t\t\t<div class=\"elementor-widget-wrap elementor-element-populated\">\n\t\t\t\t\t\t<div class=\"elementor-element elementor-element-f6c960b elementor-widget elementor-widget-global elementor-global-1169 elementor-widget-button\" data-id=\"f6c960b\" data-element_type=\"widget\" data-e-type=\"widget\" data-widget_type=\"button.default\">\n\t\t\t\t<div class=\"elementor-widget-container\">\n\t\t\t\t\t\t\t\t\t<div class=\"elementor-button-wrapper\">\n\t\t\t\t\t<a class=\"elementor-button elementor-button-link elementor-size-sm\" href=\"https:\/\/qr-menu.dk\/demo-menu\/demo-restaurant-menukort\/\">\n\t\t\t\t\t\t<span class=\"elementor-button-content-wrapper\">\n\t\t\t\t\t\t<span class=\"elementor-button-icon\">\n\t\t\t\t<i aria-hidden=\"true\" class=\"fas fa-chevron-left\"><\/i>\t\t\t<\/span>\n\t\t\t\t\t\t\t\t\t<span class=\"elementor-button-text\">Tilbage<\/span>\n\t\t\t\t\t<\/span>\n\t\t\t\t\t<\/a>\n\t\t\t\t<\/div>\n\t\t\t\t\t\t\t\t<\/div>\n\t\t\t\t<\/div>\n\t\t\t\t<section class=\"elementor-section elementor-inner-section elementor-element elementor-element-a6c3869 elementor-section-full_width elementor-section-height-default elementor-section-height-default\" data-id=\"a6c3869\" data-element_type=\"section\" data-e-type=\"section\" data-settings=\"{&quot;background_background&quot;:&quot;classic&quot;}\">\n\t\t\t\t\t\t<div class=\"elementor-container elementor-column-gap-default\">\n\t\t\t\t\t<div class=\"elementor-column elementor-col-100 elementor-inner-column elementor-element elementor-element-e6745fa\" data-id=\"e6745fa\" data-element_type=\"column\" data-e-type=\"column\">\n\t\t\t<div class=\"elementor-widget-wrap elementor-element-populated\">\n\t\t\t\t\t\t<div class=\"elementor-element elementor-element-b85337c elementor-widget elementor-widget-heading\" data-id=\"b85337c\" data-element_type=\"widget\" data-e-type=\"widget\" data-widget_type=\"heading.default\">\n\t\t\t\t<div class=\"elementor-widget-container\">\n\t\t\t\t\t<h2 class=\"elementor-heading-title elementor-size-default\">Aftenretter<\/h2>\t\t\t\t<\/div>\n\t\t\t\t<\/div>\n\t\t\t\t<div class=\"elementor-element elementor-element-d294af9 elementor-widget elementor-widget-text-editor\" data-id=\"d294af9\" data-element_type=\"widget\" data-e-type=\"widget\" data-widget_type=\"text-editor.default\">\n\t\t\t\t<div class=\"elementor-widget-container\">\n\t\t\t\t\t\t\t\t\tServeres fra 17:30 &#8211; luk\t\t\t\t\t\t\t\t<\/div>\n\t\t\t\t<\/div>\n\t\t\t\t\t<\/div>\n\t\t<\/div>\n\t\t\t\t\t<\/div>\n\t\t<\/section>\n\t\t\t\t<section class=\"elementor-section elementor-inner-section elementor-element elementor-element-087f78f elementor-section-full_width elementor-section-height-default elementor-section-height-default\" data-id=\"087f78f\" data-element_type=\"section\" data-e-type=\"section\" data-settings=\"{&quot;background_background&quot;:&quot;classic&quot;}\">\n\t\t\t\t\t\t<div class=\"elementor-container elementor-column-gap-default\">\n\t\t\t\t\t<div class=\"elementor-column elementor-col-100 elementor-inner-column elementor-element elementor-element-4bd1f66\" data-id=\"4bd1f66\" data-element_type=\"column\" data-e-type=\"column\">\n\t\t\t<div class=\"elementor-widget-wrap elementor-element-populated\">\n\t\t\t\t\t\t<div class=\"elementor-element elementor-element-c4f9fea elementor-widget elementor-widget-heading\" data-id=\"c4f9fea\" data-element_type=\"widget\" data-e-type=\"widget\" data-widget_type=\"heading.default\">\n\t\t\t\t<div class=\"elementor-widget-container\">\n\t\t\t\t\t<h2 class=\"elementor-heading-title elementor-size-default\">Grillet laks med citron- og dildsauce<\/h2>\t\t\t\t<\/div>\n\t\t\t\t<\/div>\n\t\t\t\t<div class=\"elementor-element elementor-element-9472992 elementor-widget elementor-widget-text-editor\" data-id=\"9472992\" data-element_type=\"widget\" data-e-type=\"widget\" data-widget_type=\"text-editor.default\">\n\t\t\t\t<div class=\"elementor-widget-container\">\n\t\t\t\t\t\t\t\t\tGrillet laks serveret med en frisk citron- og dildsauce, nye kartofler og dampet broccoli.\t\t\t\t\t\t\t\t<\/div>\n\t\t\t\t<\/div>\n\t\t\t\t<div class=\"elementor-element elementor-element-5bf4dd7 elementor-widget-mobile__width-auto elementor-widget-tablet__width-auto elementor-widget__width-auto elementor-widget elementor-widget-text-editor\" data-id=\"5bf4dd7\" data-element_type=\"widget\" data-e-type=\"widget\" data-widget_type=\"text-editor.default\">\n\t\t\t\t<div class=\"elementor-widget-container\">\n\t\t\t\t\t\t\t\t\t195 KR\t\t\t\t\t\t\t\t<\/div>\n\t\t\t\t<\/div>\n\t\t\t\t\t<\/div>\n\t\t<\/div>\n\t\t\t\t\t<\/div>\n\t\t<\/section>\n\t\t\t\t<section class=\"elementor-section elementor-inner-section elementor-element elementor-element-c18af19 elementor-section-full_width elementor-section-height-default elementor-section-height-default\" data-id=\"c18af19\" data-element_type=\"section\" data-e-type=\"section\" data-settings=\"{&quot;background_background&quot;:&quot;classic&quot;}\">\n\t\t\t\t\t\t<div class=\"elementor-container elementor-column-gap-default\">\n\t\t\t\t\t<div class=\"elementor-column elementor-col-100 elementor-inner-column elementor-element elementor-element-29ebc81\" data-id=\"29ebc81\" data-element_type=\"column\" data-e-type=\"column\">\n\t\t\t<div class=\"elementor-widget-wrap elementor-element-populated\">\n\t\t\t\t\t\t<div class=\"elementor-element elementor-element-7487097 elementor-widget elementor-widget-heading\" data-id=\"7487097\" data-element_type=\"widget\" data-e-type=\"widget\" data-widget_type=\"heading.default\">\n\t\t\t\t<div class=\"elementor-widget-container\">\n\t\t\t\t\t<h2 class=\"elementor-heading-title elementor-size-default\">Braiseret oksefilet med r\u00f8dvinssauce<\/h2>\t\t\t\t<\/div>\n\t\t\t\t<\/div>\n\t\t\t\t<div class=\"elementor-element elementor-element-01a0920 elementor-widget elementor-widget-text-editor\" data-id=\"01a0920\" data-element_type=\"widget\" data-e-type=\"widget\" data-widget_type=\"text-editor.default\">\n\t\t\t\t<div class=\"elementor-widget-container\">\n\t\t\t\t\t\t\t\t\tL\u00e6kker braiseret oksefilet serveret med en fyldig r\u00f8dvinssauce, cremede kartoffelmos og sm\u00f8rstegte gr\u00f8ntsager.\t\t\t\t\t\t\t\t<\/div>\n\t\t\t\t<\/div>\n\t\t\t\t<div class=\"elementor-element elementor-element-d265272 elementor-widget-mobile__width-auto elementor-widget-tablet__width-auto elementor-widget__width-auto elementor-widget elementor-widget-text-editor\" data-id=\"d265272\" data-element_type=\"widget\" data-e-type=\"widget\" data-widget_type=\"text-editor.default\">\n\t\t\t\t<div class=\"elementor-widget-container\">\n\t\t\t\t\t\t\t\t\t225 KR\t\t\t\t\t\t\t\t<\/div>\n\t\t\t\t<\/div>\n\t\t\t\t\t<\/div>\n\t\t<\/div>\n\t\t\t\t\t<\/div>\n\t\t<\/section>\n\t\t\t\t<section class=\"elementor-section elementor-inner-section elementor-element elementor-element-17c9527 elementor-section-full_width elementor-section-height-default elementor-section-height-default\" data-id=\"17c9527\" data-element_type=\"section\" data-e-type=\"section\" data-settings=\"{&quot;background_background&quot;:&quot;classic&quot;}\">\n\t\t\t\t\t\t<div class=\"elementor-container elementor-column-gap-default\">\n\t\t\t\t\t<div class=\"elementor-column elementor-col-100 elementor-inner-column elementor-element elementor-element-d87b5ee\" data-id=\"d87b5ee\" data-element_type=\"column\" data-e-type=\"column\">\n\t\t\t<div class=\"elementor-widget-wrap elementor-element-populated\">\n\t\t\t\t\t\t<div class=\"elementor-element elementor-element-bd2a02a elementor-widget elementor-widget-heading\" data-id=\"bd2a02a\" data-element_type=\"widget\" data-e-type=\"widget\" data-widget_type=\"heading.default\">\n\t\t\t\t<div class=\"elementor-widget-container\">\n\t\t\t\t\t<h2 class=\"elementor-heading-title elementor-size-default\">Vegetarisk risotto med svampe og tr\u00f8ffelolie<\/h2>\t\t\t\t<\/div>\n\t\t\t\t<\/div>\n\t\t\t\t<div class=\"elementor-element elementor-element-9c30d77 elementor-widget elementor-widget-text-editor\" data-id=\"9c30d77\" data-element_type=\"widget\" data-e-type=\"widget\" data-widget_type=\"text-editor.default\">\n\t\t\t\t<div class=\"elementor-widget-container\">\n\t\t\t\t\t\t\t\t\tCremefyldig risotto med saftige svampe og et hint af tr\u00f8ffelolie, toppet med parmesan og frisk basilikum.\t\t\t\t\t\t\t\t<\/div>\n\t\t\t\t<\/div>\n\t\t\t\t<div class=\"elementor-element elementor-element-adcf4a1 elementor-widget-mobile__width-auto elementor-widget-tablet__width-auto elementor-widget__width-auto elementor-widget elementor-widget-text-editor\" data-id=\"adcf4a1\" data-element_type=\"widget\" data-e-type=\"widget\" data-widget_type=\"text-editor.default\">\n\t\t\t\t<div class=\"elementor-widget-container\">\n\t\t\t\t\t\t\t\t\t175 KR\t\t\t\t\t\t\t\t<\/div>\n\t\t\t\t<\/div>\n\t\t\t\t\t<\/div>\n\t\t<\/div>\n\t\t\t\t\t<\/div>\n\t\t<\/section>\n\t\t\t\t<section class=\"elementor-section elementor-inner-section elementor-element elementor-element-d2a082d elementor-section-full_width elementor-section-height-default elementor-section-height-default\" data-id=\"d2a082d\" data-element_type=\"section\" data-e-type=\"section\" data-settings=\"{&quot;background_background&quot;:&quot;classic&quot;}\">\n\t\t\t\t\t\t<div class=\"elementor-container elementor-column-gap-default\">\n\t\t\t\t\t<div class=\"elementor-column elementor-col-100 elementor-inner-column elementor-element elementor-element-558e923\" data-id=\"558e923\" data-element_type=\"column\" data-e-type=\"column\">\n\t\t\t<div class=\"elementor-widget-wrap elementor-element-populated\">\n\t\t\t\t\t\t<div class=\"elementor-element elementor-element-54c5a84 elementor-widget elementor-widget-heading\" data-id=\"54c5a84\" data-element_type=\"widget\" data-e-type=\"widget\" data-widget_type=\"heading.default\">\n\t\t\t\t<div class=\"elementor-widget-container\">\n\t\t\t\t\t<h2 class=\"elementor-heading-title elementor-size-default\">Kyllingefilet med pesto og gr\u00f8ntsagsratatouille<\/h2>\t\t\t\t<\/div>\n\t\t\t\t<\/div>\n\t\t\t\t<div class=\"elementor-element elementor-element-661ae6e elementor-widget elementor-widget-text-editor\" data-id=\"661ae6e\" data-element_type=\"widget\" data-e-type=\"widget\" data-widget_type=\"text-editor.default\">\n\t\t\t\t<div class=\"elementor-widget-container\">\n\t\t\t\t\t\t\t\t\tSaftig kyllingefilet toppet med hjemmelavet basilikumpesto, serveret med en farverig ratatouille og quinoa.\t\t\t\t\t\t\t\t<\/div>\n\t\t\t\t<\/div>\n\t\t\t\t<div class=\"elementor-element elementor-element-fde90b0 elementor-widget-mobile__width-auto elementor-widget-tablet__width-auto elementor-widget__width-auto elementor-widget elementor-widget-text-editor\" data-id=\"fde90b0\" data-element_type=\"widget\" data-e-type=\"widget\" data-widget_type=\"text-editor.default\">\n\t\t\t\t<div class=\"elementor-widget-container\">\n\t\t\t\t\t\t\t\t\t185 KR\t\t\t\t\t\t\t\t<\/div>\n\t\t\t\t<\/div>\n\t\t\t\t\t<\/div>\n\t\t<\/div>\n\t\t\t\t\t<\/div>\n\t\t<\/section>\n\t\t\t\t\t<\/div>\n\t\t<\/div>\n\t\t\t\t\t<\/div>\n\t\t<\/section>\n\t\t\t\t<\/div>\n\t\t","protected":false},"excerpt":{"rendered":"<p>Tilbage Aftenretter Serveres fra 17:30 &#8211; luk Grillet laks med citron- og dildsauce Grillet laks serveret med en frisk citron- og dildsauce, nye kartofler og dampet broccoli.195 KR Braiseret oksefilet med r\u00f8dvinssauce L\u00e6kker braiseret oksefilet serveret med en fyldig r\u00f8dvinssauce, cremede kartoffelmos og sm\u00f8rstegte gr\u00f8ntsager.225 KR Vegetarisk risotto med svampe og tr\u00f8ffelolie Cremefyldig risotto med [&hellip;]<\/p>\n","protected":false},"author":1,"featured_media":0,"parent":0,"menu_order":0,"comment_status":"closed","ping_status":"closed","template":"","meta":{"footnotes":""},"class_list":["post-991","page","type-page","status-publish","hentry"],"yoast_head":"<!-- This site is optimized with the Yoast SEO plugin v27.2 - https:\/\/yoast.com\/product\/yoast-seo-wordpress\/ -->\n<title>Aftenretter - Restaurant demo menu<\/title>\n<meta name=\"robots\" content=\"noindex, follow, max-snippet:-1, max-image-preview:large, max-video-preview:-1\" \/>\n<meta property=\"og:locale\" content=\"da_DK\" \/>\n<meta property=\"og:type\" content=\"article\" \/>\n<meta property=\"og:title\" content=\"Aftenretter - Restaurant demo menu\" \/>\n<meta property=\"og:description\" content=\"Tilbage Aftenretter Serveres fra 17:30 &#8211; luk Grillet laks med citron- og dildsauce Grillet laks serveret med en frisk citron- og dildsauce, nye kartofler og dampet broccoli.195 KR Braiseret oksefilet med r\u00f8dvinssauce L\u00e6kker braiseret oksefilet serveret med en fyldig r\u00f8dvinssauce, cremede kartoffelmos og sm\u00f8rstegte gr\u00f8ntsager.225 KR Vegetarisk risotto med svampe og tr\u00f8ffelolie Cremefyldig risotto med [&hellip;]\" \/>\n<meta property=\"og:url\" content=\"https:\/\/qr-menu.dk\/demo-menu\/aftenretter\/\" \/>\n<meta property=\"og:site_name\" content=\"Restaurant demo menu\" \/>\n<meta property=\"article:modified_time\" content=\"2024-11-25T10:32:35+00:00\" \/>\n<meta name=\"twitter:card\" content=\"summary_large_image\" \/>\n<meta name=\"twitter:label1\" content=\"Estimeret l\u00e6setid\" \/>\n\t<meta name=\"twitter:data1\" content=\"1 minut\" \/>\n<script type=\"application\/ld+json\" class=\"yoast-schema-graph\">{\"@context\":\"https:\/\/schema.org\",\"@graph\":[{\"@type\":\"WebPage\",\"@id\":\"https:\/\/qr-menu.dk\/demo-menu\/aftenretter\/\",\"url\":\"https:\/\/qr-menu.dk\/demo-menu\/aftenretter\/\",\"name\":\"Aftenretter - Restaurant demo menu\",\"isPartOf\":{\"@id\":\"https:\/\/qr-menu.dk\/demo-menu\/#website\"},\"datePublished\":\"2024-11-24T12:32:01+00:00\",\"dateModified\":\"2024-11-25T10:32:35+00:00\",\"breadcrumb\":{\"@id\":\"https:\/\/qr-menu.dk\/demo-menu\/aftenretter\/#breadcrumb\"},\"inLanguage\":\"da-DK\",\"potentialAction\":[{\"@type\":\"ReadAction\",\"target\":[\"https:\/\/qr-menu.dk\/demo-menu\/aftenretter\/\"]}]},{\"@type\":\"BreadcrumbList\",\"@id\":\"https:\/\/qr-menu.dk\/demo-menu\/aftenretter\/#breadcrumb\",\"itemListElement\":[{\"@type\":\"ListItem\",\"position\":1,\"name\":\"Hjem\",\"item\":\"https:\/\/qr-menu.dk\/demo-menu\/\"},{\"@type\":\"ListItem\",\"position\":2,\"name\":\"Aftenretter\"}]},{\"@type\":\"WebSite\",\"@id\":\"https:\/\/qr-menu.dk\/demo-menu\/#website\",\"url\":\"https:\/\/qr-menu.dk\/demo-menu\/\",\"name\":\"Restaurant demo menu\",\"description\":\"\",\"publisher\":{\"@id\":\"https:\/\/qr-menu.dk\/demo-menu\/#organization\"},\"potentialAction\":[{\"@type\":\"SearchAction\",\"target\":{\"@type\":\"EntryPoint\",\"urlTemplate\":\"https:\/\/qr-menu.dk\/demo-menu\/?s={search_term_string}\"},\"query-input\":{\"@type\":\"PropertyValueSpecification\",\"valueRequired\":true,\"valueName\":\"search_term_string\"}}],\"inLanguage\":\"da-DK\"},{\"@type\":\"Organization\",\"@id\":\"https:\/\/qr-menu.dk\/demo-menu\/#organization\",\"name\":\"Restaurant demo menu\",\"url\":\"https:\/\/qr-menu.dk\/demo-menu\/\",\"logo\":{\"@type\":\"ImageObject\",\"inLanguage\":\"da-DK\",\"@id\":\"https:\/\/qr-menu.dk\/demo-menu\/#\/schema\/logo\/image\/\",\"url\":\"https:\/\/qr-menu.dk\/demo-menu\/wp-content\/uploads\/sites\/3\/2024\/11\/qr-menu-demo-restaurant-logo.webp\",\"contentUrl\":\"https:\/\/qr-menu.dk\/demo-menu\/wp-content\/uploads\/sites\/3\/2024\/11\/qr-menu-demo-restaurant-logo.webp\",\"width\":500,\"height\":500,\"caption\":\"Restaurant demo menu\"},\"image\":{\"@id\":\"https:\/\/qr-menu.dk\/demo-menu\/#\/schema\/logo\/image\/\"}}]}<\/script>\n<!-- \/ Yoast SEO plugin. -->","yoast_head_json":{"title":"Aftenretter - Restaurant demo menu","robots":{"index":"noindex","follow":"follow","max-snippet":"max-snippet:-1","max-image-preview":"max-image-preview:large","max-video-preview":"max-video-preview:-1"},"og_locale":"da_DK","og_type":"article","og_title":"Aftenretter - Restaurant demo menu","og_description":"Tilbage Aftenretter Serveres fra 17:30 &#8211; luk Grillet laks med citron- og dildsauce Grillet laks serveret med en frisk citron- og dildsauce, nye kartofler og dampet broccoli.195 KR Braiseret oksefilet med r\u00f8dvinssauce L\u00e6kker braiseret oksefilet serveret med en fyldig r\u00f8dvinssauce, cremede kartoffelmos og sm\u00f8rstegte gr\u00f8ntsager.225 KR Vegetarisk risotto med svampe og tr\u00f8ffelolie Cremefyldig risotto med [&hellip;]","og_url":"https:\/\/qr-menu.dk\/demo-menu\/aftenretter\/","og_site_name":"Restaurant demo menu","article_modified_time":"2024-11-25T10:32:35+00:00","twitter_card":"summary_large_image","twitter_misc":{"Estimeret l\u00e6setid":"1 minut"},"schema":{"@context":"https:\/\/schema.org","@graph":[{"@type":"WebPage","@id":"https:\/\/qr-menu.dk\/demo-menu\/aftenretter\/","url":"https:\/\/qr-menu.dk\/demo-menu\/aftenretter\/","name":"Aftenretter - Restaurant demo menu","isPartOf":{"@id":"https:\/\/qr-menu.dk\/demo-menu\/#website"},"datePublished":"2024-11-24T12:32:01+00:00","dateModified":"2024-11-25T10:32:35+00:00","breadcrumb":{"@id":"https:\/\/qr-menu.dk\/demo-menu\/aftenretter\/#breadcrumb"},"inLanguage":"da-DK","potentialAction":[{"@type":"ReadAction","target":["https:\/\/qr-menu.dk\/demo-menu\/aftenretter\/"]}]},{"@type":"BreadcrumbList","@id":"https:\/\/qr-menu.dk\/demo-menu\/aftenretter\/#breadcrumb","itemListElement":[{"@type":"ListItem","position":1,"name":"Hjem","item":"https:\/\/qr-menu.dk\/demo-menu\/"},{"@type":"ListItem","position":2,"name":"Aftenretter"}]},{"@type":"WebSite","@id":"https:\/\/qr-menu.dk\/demo-menu\/#website","url":"https:\/\/qr-menu.dk\/demo-menu\/","name":"Restaurant demo menu","description":"","publisher":{"@id":"https:\/\/qr-menu.dk\/demo-menu\/#organization"},"potentialAction":[{"@type":"SearchAction","target":{"@type":"EntryPoint","urlTemplate":"https:\/\/qr-menu.dk\/demo-menu\/?s={search_term_string}"},"query-input":{"@type":"PropertyValueSpecification","valueRequired":true,"valueName":"search_term_string"}}],"inLanguage":"da-DK"},{"@type":"Organization","@id":"https:\/\/qr-menu.dk\/demo-menu\/#organization","name":"Restaurant demo menu","url":"https:\/\/qr-menu.dk\/demo-menu\/","logo":{"@type":"ImageObject","inLanguage":"da-DK","@id":"https:\/\/qr-menu.dk\/demo-menu\/#\/schema\/logo\/image\/","url":"https:\/\/qr-menu.dk\/demo-menu\/wp-content\/uploads\/sites\/3\/2024\/11\/qr-menu-demo-restaurant-logo.webp","contentUrl":"https:\/\/qr-menu.dk\/demo-menu\/wp-content\/uploads\/sites\/3\/2024\/11\/qr-menu-demo-restaurant-logo.webp","width":500,"height":500,"caption":"Restaurant demo menu"},"image":{"@id":"https:\/\/qr-menu.dk\/demo-menu\/#\/schema\/logo\/image\/"}}]}},"_links":{"self":[{"href":"https:\/\/qr-menu.dk\/demo-menu\/wp-json\/wp\/v2\/pages\/991","targetHints":{"allow":["GET"]}}],"collection":[{"href":"https:\/\/qr-menu.dk\/demo-menu\/wp-json\/wp\/v2\/pages"}],"about":[{"href":"https:\/\/qr-menu.dk\/demo-menu\/wp-json\/wp\/v2\/types\/page"}],"author":[{"embeddable":true,"href":"https:\/\/qr-menu.dk\/demo-menu\/wp-json\/wp\/v2\/users\/1"}],"replies":[{"embeddable":true,"href":"https:\/\/qr-menu.dk\/demo-menu\/wp-json\/wp\/v2\/comments?post=991"}],"version-history":[{"count":16,"href":"https:\/\/qr-menu.dk\/demo-menu\/wp-json\/wp\/v2\/pages\/991\/revisions"}],"predecessor-version":[{"id":1178,"href":"https:\/\/qr-menu.dk\/demo-menu\/wp-json\/wp\/v2\/pages\/991\/revisions\/1178"}],"wp:attachment":[{"href":"https:\/\/qr-menu.dk\/demo-menu\/wp-json\/wp\/v2\/media?parent=991"}],"curies":[{"name":"wp","href":"https:\/\/api.w.org\/{rel}","templated":true}]}}